{"id":164,"date":"2022-01-21T18:08:31","date_gmt":"2022-01-21T17:08:31","guid":{"rendered":"https:\/\/gctconsult.fr\/?page_id=164"},"modified":"2022-01-28T15:15:51","modified_gmt":"2022-01-28T14:15:51","slug":"se-former-en-sciences","status":"publish","type":"page","link":"http:\/\/gctconsult.fr\/index.php\/se-former-en-sciences\/","title":{"rendered":"Se former en Sciences"},"content":{"rendered":"\t\t<div data-elementor-type=\"wp-page\" data-elementor-id=\"164\" class=\"elementor elementor-164\" data-elementor-settings=\"[]\">\n\t\t\t\t\t\t\t<div class=\"elementor-section-wrap\">\n\t\t\t\t\t\t\t<section class=\"elementor-section elementor-top-section elementor-element elementor-element-14da6ef1 elementor-section-boxed elementor-section-height-default elementor-section-height-default\" data-id=\"14da6ef1\" data-element_type=\"section\">\n\t\t\t\t\t\t\t<div class=\"elementor-background-overlay\"><\/div>\n\t\t\t\t\t\t\t<div class=\"elementor-container elementor-column-gap-default\">\n\t\t\t\t\t<div class=\"elementor-column elementor-col-100 elementor-top-column elementor-element elementor-element-e175f32\" data-id=\"e175f32\" data-element_type=\"column\">\n\t\t\t<div class=\"elementor-widget-wrap elementor-element-populated\">\n\t\t\t\t\t\t\t\t<div class=\"elementor-element elementor-element-3c893387 elementor-widget elementor-widget-heading\" data-id=\"3c893387\" data-element_type=\"widget\" data-widget_type=\"heading.default\">\n\t\t\t\t<div class=\"elementor-widget-container\">\n\t\t\t<style>\/*! elementor - v3.5.3 - 28-12-2021 *\/\n.elementor-heading-title{padding:0;margin:0;line-height:1}.elementor-widget-heading .elementor-heading-title[class*=elementor-size-]>a{color:inherit;font-size:inherit;line-height:inherit}.elementor-widget-heading .elementor-heading-title.elementor-size-small{font-size:15px}.elementor-widget-heading .elementor-heading-title.elementor-size-medium{font-size:19px}.elementor-widget-heading .elementor-heading-title.elementor-size-large{font-size:29px}.elementor-widget-heading .elementor-heading-title.elementor-size-xl{font-size:39px}.elementor-widget-heading .elementor-heading-title.elementor-size-xxl{font-size:59px}<\/style><h1 class=\"elementor-heading-title elementor-size-xl\"><br>Se former en Sciences<br><\/h1>\t\t<\/div>\n\t\t\t\t<\/div>\n\t\t\t\t\t<\/div>\n\t\t<\/div>\n\t\t\t\t\t\t\t<\/div>\n\t\t<\/section>\n\t\t\t\t<section class=\"elementor-section elementor-top-section elementor-element elementor-element-36111b05 elementor-section-boxed elementor-section-height-default elementor-section-height-default\" data-id=\"36111b05\" data-element_type=\"section\">\n\t\t\t\t\t\t\t<div class=\"elementor-background-overlay\"><\/div>\n\t\t\t\t\t\t\t<div class=\"elementor-container elementor-column-gap-default\">\n\t\t\t\t\t<div class=\"elementor-column elementor-col-50 elementor-top-column elementor-element elementor-element-23dfb366\" data-id=\"23dfb366\" data-element_type=\"column\">\n\t\t\t<div class=\"elementor-widget-wrap elementor-element-populated\">\n\t\t\t\t\t\t\t\t<div class=\"elementor-element elementor-element-2d0671f3 elementor-widget elementor-widget-text-editor\" data-id=\"2d0671f3\" data-element_type=\"widget\" data-widget_type=\"text-editor.default\">\n\t\t\t\t<div class=\"elementor-widget-container\">\n\t\t\t<style>\/*! elementor - v3.5.3 - 28-12-2021 *\/\n.elementor-widget-text-editor.elementor-drop-cap-view-stacked .elementor-drop-cap{background-color:#818a91;color:#fff}.elementor-widget-text-editor.elementor-drop-cap-view-framed .elementor-drop-cap{color:#818a91;border:3px solid;background-color:transparent}.elementor-widget-text-editor:not(.elementor-drop-cap-view-default) .elementor-drop-cap{margin-top:8px}.elementor-widget-text-editor:not(.elementor-drop-cap-view-default) .elementor-drop-cap-letter{width:1em;height:1em}.elementor-widget-text-editor .elementor-drop-cap{float:left;text-align:center;line-height:1;font-size:50px}.elementor-widget-text-editor .elementor-drop-cap-letter{display:inline-block}<\/style>\t\t\t\t<h1>Fortes exp\u00e9riences d\u2019innovations, penser autrement, faire par soi-m\u00eame.<\/h1>\n<h1>Utiliser les math\u00e9matiques les sciences, ce sont nos outils pour innover.&nbsp;<\/h1>\n<h1>Vous avez un projet, une id\u00e9e qui vous tient \u00e0 coeur ? J&rsquo;apporte \u00e0 mes clients diff\u00e9rents services et conseils.&nbsp;<\/h1>\n<h1>Pour en savoir plus, contactez moi.<\/h1>\t\t\t\t\t\t<\/div>\n\t\t\t\t<\/div>\n\t\t\t\t\t<\/div>\n\t\t<\/div>\n\t\t\t\t<div class=\"elementor-column elementor-col-50 elementor-top-column elementor-element elementor-element-44547077\" data-id=\"44547077\" data-element_type=\"column\">\n\t\t\t<div class=\"elementor-widget-wrap elementor-element-populated\">\n\t\t\t\t\t\t\t\t<div class=\"elementor-element elementor-element-204bf00 elementor-widget elementor-widget-image\" data-id=\"204bf00\" data-element_type=\"widget\" data-widget_type=\"image.default\">\n\t\t\t\t<div class=\"elementor-widget-container\">\n\t\t\t<style>\/*! elementor - v3.5.3 - 28-12-2021 *\/\n.elementor-widget-image{text-align:center}.elementor-widget-image a{display:inline-block}.elementor-widget-image a img[src$=\".svg\"]{width:48px}.elementor-widget-image img{vertical-align:middle;display:inline-block}<\/style>\t\t\t\t\t\t\t\t\t\t\t\t<img width=\"300\" height=\"225\" src=\"http:\/\/gctconsult.fr\/wp-content\/uploads\/2022\/01\/Guy-avion-300x225.jpg\" class=\"attachment-medium size-medium\" alt=\"\" loading=\"lazy\" srcset=\"http:\/\/gctconsult.fr\/wp-content\/uploads\/2022\/01\/Guy-avion-300x225.jpg 300w, http:\/\/gctconsult.fr\/wp-content\/uploads\/2022\/01\/Guy-avion-1024x768.jpg 1024w, http:\/\/gctconsult.fr\/wp-content\/uploads\/2022\/01\/Guy-avion-768x576.jpg 768w, http:\/\/gctconsult.fr\/wp-content\/uploads\/2022\/01\/Guy-avion-1536x1152.jpg 1536w, http:\/\/gctconsult.fr\/wp-content\/uploads\/2022\/01\/Guy-avion.jpg 2048w\" sizes=\"(max-width: 300px) 100vw, 300px\" \/>\t\t\t\t\t\t\t\t\t\t\t\t\t\t\t<\/div>\n\t\t\t\t<\/div>\n\t\t\t\t\t<\/div>\n\t\t<\/div>\n\t\t\t\t\t\t\t<\/div>\n\t\t<\/section>\n\t\t\t\t\t\t<\/div>\n\t\t\t\t\t<\/div>\n\t\t","protected":false},"excerpt":{"rendered":"<p>Se former en Sciences Fortes exp\u00e9riences d\u2019innovations, penser autrement, faire par soi-m\u00eame. Utiliser les math\u00e9matiques les sciences, ce sont nos outils pour innover.&nbsp; Vous avez un projet, une id\u00e9e qui vous tient \u00e0 coeur ? J&rsquo;apporte \u00e0 mes clients diff\u00e9rents services et conseils.&nbsp; Pour en savoir plus, contactez moi.<\/p>\n","protected":false},"author":1,"featured_media":0,"parent":0,"menu_order":0,"comment_status":"closed","ping_status":"closed","template":"","meta":[],"_links":{"self":[{"href":"http:\/\/gctconsult.fr\/index.php\/wp-json\/wp\/v2\/pages\/164"}],"collection":[{"href":"http:\/\/gctconsult.fr\/index.php\/wp-json\/wp\/v2\/pages"}],"about":[{"href":"http:\/\/gctconsult.fr\/index.php\/wp-json\/wp\/v2\/types\/page"}],"author":[{"embeddable":true,"href":"http:\/\/gctconsult.fr\/index.php\/wp-json\/wp\/v2\/users\/1"}],"replies":[{"embeddable":true,"href":"http:\/\/gctconsult.fr\/index.php\/wp-json\/wp\/v2\/comments?post=164"}],"version-history":[{"count":15,"href":"http:\/\/gctconsult.fr\/index.php\/wp-json\/wp\/v2\/pages\/164\/revisions"}],"predecessor-version":[{"id":219,"href":"http:\/\/gctconsult.fr\/index.php\/wp-json\/wp\/v2\/pages\/164\/revisions\/219"}],"wp:attachment":[{"href":"http:\/\/gctconsult.fr\/index.php\/wp-json\/wp\/v2\/media?parent=164"}],"curies":[{"name":"wp","href":"https:\/\/api.w.org\/{rel}","templated":true}]}}