{"id":79,"date":"2022-01-21T17:26:40","date_gmt":"2022-01-21T16:26:40","guid":{"rendered":"http:\/\/gctconsult.fr\/?page_id=79"},"modified":"2022-01-28T15:16:09","modified_gmt":"2022-01-28T14:16:09","slug":"services","status":"publish","type":"page","link":"https:\/\/gctconsult.fr\/index.php\/services\/","title":{"rendered":"Services"},"content":{"rendered":"\t\t<div data-elementor-type=\"wp-page\" data-elementor-id=\"79\" class=\"elementor elementor-79\" data-elementor-settings=\"[]\">\n\t\t\t\t\t\t\t<div class=\"elementor-section-wrap\">\n\t\t\t\t\t\t\t<section class=\"elementor-section elementor-top-section elementor-element elementor-element-19b84850 elementor-section-boxed elementor-section-height-default elementor-section-height-default\" data-id=\"19b84850\" data-element_type=\"section\">\n\t\t\t\t\t\t\t<div class=\"elementor-background-overlay\"><\/div>\n\t\t\t\t\t\t\t<div class=\"elementor-container elementor-column-gap-default\">\n\t\t\t\t\t<div class=\"elementor-column elementor-col-100 elementor-top-column elementor-element elementor-element-7943f46f\" data-id=\"7943f46f\" data-element_type=\"column\">\n\t\t\t<div class=\"elementor-widget-wrap elementor-element-populated\">\n\t\t\t\t\t\t\t\t<div class=\"elementor-element elementor-element-16ced400 elementor-widget elementor-widget-heading\" data-id=\"16ced400\" data-element_type=\"widget\" data-widget_type=\"heading.default\">\n\t\t\t\t<div class=\"elementor-widget-container\">\n\t\t\t<style>\/*! elementor - v3.5.3 - 28-12-2021 *\/\n.elementor-heading-title{padding:0;margin:0;line-height:1}.elementor-widget-heading .elementor-heading-title[class*=elementor-size-]>a{color:inherit;font-size:inherit;line-height:inherit}.elementor-widget-heading .elementor-heading-title.elementor-size-small{font-size:15px}.elementor-widget-heading .elementor-heading-title.elementor-size-medium{font-size:19px}.elementor-widget-heading .elementor-heading-title.elementor-size-large{font-size:29px}.elementor-widget-heading .elementor-heading-title.elementor-size-xl{font-size:39px}.elementor-widget-heading .elementor-heading-title.elementor-size-xxl{font-size:59px}<\/style><h1 class=\"elementor-heading-title elementor-size-xl\"><br>Services:<br><br>Formations Sciences, Math, Lyc\u00e9e, Pr\u00e9pa<br><br>Conseils Innovations CO2, Environnement<br><\/h1>\t\t<\/div>\n\t\t\t\t<\/div>\n\t\t\t\t\t<\/div>\n\t\t<\/div>\n\t\t\t\t\t\t\t<\/div>\n\t\t<\/section>\n\t\t\t\t<section class=\"elementor-section elementor-top-section elementor-element elementor-element-6b0bb6c2 elementor-section-boxed elementor-section-height-default elementor-section-height-default\" data-id=\"6b0bb6c2\" data-element_type=\"section\">\n\t\t\t\t\t\t\t<div class=\"elementor-background-overlay\"><\/div>\n\t\t\t\t\t\t\t<div class=\"elementor-container elementor-column-gap-default\">\n\t\t\t\t\t<div class=\"elementor-column elementor-col-50 elementor-top-column elementor-element elementor-element-6e5628b9\" data-id=\"6e5628b9\" data-element_type=\"column\">\n\t\t\t<div class=\"elementor-widget-wrap elementor-element-populated\">\n\t\t\t\t\t\t\t\t<div class=\"elementor-element elementor-element-3e451c3c elementor-widget elementor-widget-image\" data-id=\"3e451c3c\" data-element_type=\"widget\" data-widget_type=\"image.default\">\n\t\t\t\t<div class=\"elementor-widget-container\">\n\t\t\t<style>\/*! elementor - v3.5.3 - 28-12-2021 *\/\n.elementor-widget-image{text-align:center}.elementor-widget-image a{display:inline-block}.elementor-widget-image a img[src$=\".svg\"]{width:48px}.elementor-widget-image img{vertical-align:middle;display:inline-block}<\/style>\t\t\t\t\t\t\t\t\t\t\t\t<img width=\"225\" height=\"300\" src=\"https:\/\/gctconsult.fr\/wp-content\/uploads\/2022\/01\/Photo-guy-Thivin-225x300.jpg\" class=\"attachment-medium size-medium\" alt=\"\" loading=\"lazy\" srcset=\"https:\/\/gctconsult.fr\/wp-content\/uploads\/2022\/01\/Photo-guy-Thivin-225x300.jpg 225w, https:\/\/gctconsult.fr\/wp-content\/uploads\/2022\/01\/Photo-guy-Thivin-768x1024.jpg 768w, https:\/\/gctconsult.fr\/wp-content\/uploads\/2022\/01\/Photo-guy-Thivin-1152x1536.jpg 1152w, https:\/\/gctconsult.fr\/wp-content\/uploads\/2022\/01\/Photo-guy-Thivin-1536x2048.jpg 1536w, https:\/\/gctconsult.fr\/wp-content\/uploads\/2022\/01\/Photo-guy-Thivin-scaled.jpg 1920w\" sizes=\"(max-width: 225px) 100vw, 225px\" \/>\t\t\t\t\t\t\t\t\t\t\t\t\t\t\t<\/div>\n\t\t\t\t<\/div>\n\t\t\t\t\t<\/div>\n\t\t<\/div>\n\t\t\t\t<div class=\"elementor-column elementor-col-50 elementor-top-column elementor-element elementor-element-3d6805fc\" data-id=\"3d6805fc\" data-element_type=\"column\">\n\t\t\t<div class=\"elementor-widget-wrap elementor-element-populated\">\n\t\t\t\t\t\t\t\t<div class=\"elementor-element elementor-element-222a8585 elementor-widget elementor-widget-text-editor\" data-id=\"222a8585\" data-element_type=\"widget\" data-widget_type=\"text-editor.default\">\n\t\t\t\t<div class=\"elementor-widget-container\">\n\t\t\t<style>\/*! elementor - v3.5.3 - 28-12-2021 *\/\n.elementor-widget-text-editor.elementor-drop-cap-view-stacked .elementor-drop-cap{background-color:#818a91;color:#fff}.elementor-widget-text-editor.elementor-drop-cap-view-framed .elementor-drop-cap{color:#818a91;border:3px solid;background-color:transparent}.elementor-widget-text-editor:not(.elementor-drop-cap-view-default) .elementor-drop-cap{margin-top:8px}.elementor-widget-text-editor:not(.elementor-drop-cap-view-default) .elementor-drop-cap-letter{width:1em;height:1em}.elementor-widget-text-editor .elementor-drop-cap{float:left;text-align:center;line-height:1;font-size:50px}.elementor-widget-text-editor .elementor-drop-cap-letter{display:inline-block}<\/style>\t\t\t\t<h1>Mes services sont personnalis\u00e9s pour le groupe, afin de r\u00e9pondre aux sp\u00e9cifiques besoins de chacun.<\/h1>\n<h1>Tout au long de ces formations en Math\u00e9matiques, Sciences, nous mesurons l\u2019avancement du processus bas\u00e9 sur des travaux collaboratifs (faire, penser par soi-m\u00eame).<\/h1>\n<h1>Contactez moi aujourd\u2019hui pour d\u00e9couvrir comment je peux vous aider \u00e0 r\u00e9ussir.<\/h1>\t\t\t\t\t\t<\/div>\n\t\t\t\t<\/div>\n\t\t\t\t\t<\/div>\n\t\t<\/div>\n\t\t\t\t\t\t\t<\/div>\n\t\t<\/section>\n\t\t\t\t\t\t<\/div>\n\t\t\t\t\t<\/div>\n\t\t","protected":false},"excerpt":{"rendered":"<p>Services: Formations Sciences, Math, Lyc\u00e9e, Pr\u00e9pa Conseils Innovations CO2, Environnement Mes services sont personnalis\u00e9s pour le groupe, afin de r\u00e9pondre aux sp\u00e9cifiques besoins de chacun. Tout au long de ces formations en Math\u00e9matiques, Sciences, nous mesurons l\u2019avancement du processus bas\u00e9 sur des travaux collaboratifs (faire, penser par soi-m\u00eame). Contactez moi aujourd\u2019hui pour d\u00e9couvrir comment je [&hellip;]<\/p>\n","protected":false},"author":1,"featured_media":0,"parent":0,"menu_order":0,"comment_status":"closed","ping_status":"closed","template":"","meta":[],"_links":{"self":[{"href":"https:\/\/gctconsult.fr\/index.php\/wp-json\/wp\/v2\/pages\/79"}],"collection":[{"href":"https:\/\/gctconsult.fr\/index.php\/wp-json\/wp\/v2\/pages"}],"about":[{"href":"https:\/\/gctconsult.fr\/index.php\/wp-json\/wp\/v2\/types\/page"}],"author":[{"embeddable":true,"href":"https:\/\/gctconsult.fr\/index.php\/wp-json\/wp\/v2\/users\/1"}],"replies":[{"embeddable":true,"href":"https:\/\/gctconsult.fr\/index.php\/wp-json\/wp\/v2\/comments?post=79"}],"version-history":[{"count":15,"href":"https:\/\/gctconsult.fr\/index.php\/wp-json\/wp\/v2\/pages\/79\/revisions"}],"predecessor-version":[{"id":221,"href":"https:\/\/gctconsult.fr\/index.php\/wp-json\/wp\/v2\/pages\/79\/revisions\/221"}],"wp:attachment":[{"href":"https:\/\/gctconsult.fr\/index.php\/wp-json\/wp\/v2\/media?parent=79"}],"curies":[{"name":"wp","href":"https:\/\/api.w.org\/{rel}","templated":true}]}}